{"id":287,"date":"2025-05-09T11:32:52","date_gmt":"2025-05-09T09:32:52","guid":{"rendered":"https:\/\/beharsecurite.com\/contact\/"},"modified":"2025-07-07T16:47:47","modified_gmt":"2025-07-07T14:47:47","slug":"contact","status":"publish","type":"page","link":"https:\/\/beharsecurite.com\/en\/contact\/","title":{"rendered":"Contact"},"content":{"rendered":"<div\n\tclass=\"lp-header no-image wp-block-lp-header-image\">\n\t<div class=\"container\">\n\n\n\t\t<div class=\"row\">\n\n\t\t\t\n\t\t\t\t<div class=\"col-md-6\">\n\t\t\t\t\t<h1>Contact<\/h1>\n\t\t\t\t<\/div>\n\t\t\t\t<div class=\"col-md-6\">\n\t\t\t\t\t\t\t\t\t\t\t<p class=\"text-lg text-primary-text\">Don&#8217;t hesitate to contact us for more information or to benefit from personalized support in the realization of your projects.<\/p>\n\t\t\t\t\t\t\t\t\t<\/div>\n\n\t\t\t\n\t\t<\/div>\n\t<\/div>\n<\/div><div\n\tstyle=\"padding-top:var(--wp--preset--spacing--80);\" class=\"wp-block-lp-contact\">\n\t<div class=\"container\">\n\t\t\n\t\t\t\t<div class=\"row row-contact\">\n\t\t\t\t\t<div class=\"col-lg-4\">\n\t\t\t\t\t\t<h3>\u00cele de France<\/h3>\n\t\t\t\t\t<\/div>\n\t\t\t\t\t<div class=\"col-md-6 col-lg-4\">\n\t\t\t\t\t\t<p>Edouard Lei<br \/>\nSales Manager Ile de France<br \/>\n<a href=\"mailto:e.lei@beharsecurite.com\">e.lei@beharsecurite.com<\/a><br \/>\n+33(0)6 83 66 05 44<\/p>\n\t\t\t\t\t<\/div>\n\t\t\t\t\t<div class=\"col-md-6 col-lg-4\">\n\t\t\t\t\t\t<p>Guillaume Chateau<br \/>\nSedentary Sales Manager IDF<br \/>\n<a href=\"mailto:g.chateau@beharsecurite.com\">g.chateau@beharsecurite.com<\/a><br \/>\n01 47 88 45 47<\/p>\n\t\t\t\t\t<\/div>\n\n\t\t\t\t<\/div>\n\n\t\t\n\t\t\t\t<div class=\"row row-contact\">\n\t\t\t\t\t<div class=\"col-lg-4\">\n\t\t\t\t\t\t<h3>Regions<\/h3>\n\t\t\t\t\t<\/div>\n\t\t\t\t\t<div class=\"col-md-6 col-lg-4\">\n\t\t\t\t\t\t<p>Miguel Dos Santos<br \/>\nRegional Sales Manager<br \/>\n<a href=\"mailto:m.dossantos@beharsecurite.com\">m.dossantos@beharsecurite.com<\/a><br \/>\n+33(0)7 87 54 56 84<\/p>\n\t\t\t\t\t<\/div>\n\t\t\t\t\t<div class=\"col-md-6 col-lg-4\">\n\t\t\t\t\t\t<p>Capucine Plunian<br \/>\nSedentary Sales Manager Regions<br \/>\n<a href=\"mailto:c.plunian@beharsecurite.com\">c.plunian@beharsecurite.com<\/a><br \/>\n+33(0)1 47 88 31 31<br \/>\n+33(0)6 80 59 39 66<\/p>\n\t\t\t\t\t<\/div>\n\n\t\t\t\t<\/div>\n\n\t\t\n\t\t\t\t<div class=\"row row-contact\">\n\t\t\t\t\t<div class=\"col-lg-4\">\n\t\t\t\t\t\t<h3>Connected offer expertise<\/h3>\n\t\t\t\t\t<\/div>\n\t\t\t\t\t<div class=\"col-md-6 col-lg-4\">\n\t\t\t\t\t\t<p>Didier Legall<br \/>\nExpert Connected offer<br \/>\n<a href=\"mailto:d.legall@beharsecurite.com\">d.legall@beharsecurite.com<\/a><br \/>\n+33(0)6 74 21 26 05<\/p>\n\t\t\t\t\t<\/div>\n\t\t\t\t\t<div class=\"col-md-6 col-lg-4\">\n\t\t\t\t\t\t\t\t\t\t\t<\/div>\n\n\t\t\t\t<\/div>\n\n\t\t\n\t\t\t\t<div class=\"row row-contact\">\n\t\t\t\t\t<div class=\"col-lg-4\">\n\t\t\t\t\t\t<h3>Order tracking<\/h3>\n\t\t\t\t\t<\/div>\n\t\t\t\t\t<div class=\"col-md-6 col-lg-4\">\n\t\t\t\t\t\t<p>Sandrine Branco<br \/>\nSales Administration Manager<br \/>\n<a href=\"mailto:commande@beharsecurite.com\">commande@beharsecurite.com<\/a><br \/>\n+33(0)1 47 88 31 31<\/p>\n\t\t\t\t\t<\/div>\n\t\t\t\t\t<div class=\"col-md-6 col-lg-4\">\n\t\t\t\t\t\t\t\t\t\t\t<\/div>\n\n\t\t\t\t<\/div>\n\n\t\t\t<\/div>\n<\/div><div\n\tclass=\"wp-block-lp-formulaire-contact\">\n\t<div class=\"container pt-5\">\n\t\t<div class=\"row\">\n\t\t\t<div class=\"col-lg-4\">\n\t\t\t\t<p class=\"text-lg\">You can also contact us via our contact form:<\/p>\n\t\t\t<\/div>\n\t\t\t<div class=\"col-lg-8\">\n\t\t\t\t\n<div class=\"wpcf7 no-js\" id=\"wpcf7-f3263-o1\" lang=\"en-US\" dir=\"ltr\" data-wpcf7-id=\"3263\">\n<div class=\"screen-reader-response\"><p role=\"status\" aria-live=\"polite\" aria-atomic=\"true\"><\/p> <ul><\/ul><\/div>\n<form action=\"\/en\/wp-json\/wp\/v2\/pages\/287#wpcf7-f3263-o1\" method=\"post\" class=\"wpcf7-form init\" aria-label=\"Contact form\" novalidate=\"novalidate\" data-status=\"init\">\n<fieldset class=\"hidden-fields-container\"><input type=\"hidden\" name=\"_wpcf7\" value=\"3263\" \/><input type=\"hidden\" name=\"_wpcf7_version\" value=\"6.1.5\" \/><input type=\"hidden\" name=\"_wpcf7_locale\" value=\"en_US\" \/><input type=\"hidden\" name=\"_wpcf7_unit_tag\" value=\"wpcf7-f3263-o1\" \/><input type=\"hidden\" name=\"_wpcf7_container_post\" value=\"0\" \/><input type=\"hidden\" name=\"_wpcf7_posted_data_hash\" value=\"\" \/>\n<\/fieldset>\n<div class=\"wpcf7-form-control-wrap\" data-name=\"your-name\"><div class=\"form-floating mb-2\"><input size=\"40\" maxlength=\"400\" class=\"wpcf7-form-control wpcf7-text wpcf7-validates-as-required form-control\" autocomplete=\"name\" aria-required=\"true\" aria-invalid=\"false\" placeholder=\"Nom du contact\" value=\"\" type=\"text\" name=\"your-name\" \/><label for=\"your-name\">Contact Name<\/label><\/div><\/div>\n<div class=\"wpcf7-form-control-wrap\" data-name=\"your-email\"><div class=\"form-floating mb-2\"><input size=\"40\" maxlength=\"400\" class=\"wpcf7-form-control wpcf7-email wpcf7-validates-as-required wpcf7-text wpcf7-validates-as-email form-control\" autocomplete=\"email\" aria-required=\"true\" aria-invalid=\"false\" placeholder=\"E-mail\" value=\"\" type=\"email\" name=\"your-email\" \/><label for=\"your-email\">E-mail<\/label><\/div><\/div>\n<div class=\"wpcf7-form-control-wrap\" data-name=\"entreprise\"><div class=\"form-floating mb-2\"><input size=\"40\" maxlength=\"400\" class=\"wpcf7-form-control wpcf7-text form-control\" aria-invalid=\"false\" placeholder=\"Company\" value=\"\" type=\"text\" name=\"entreprise\" \/><label for=\"entreprise\">Company<\/label><\/div><\/div>\n<div class=\"wpcf7-form-control-wrap\" data-name=\"telephone\"><div class=\"form-floating mb-2\"><input size=\"40\" maxlength=\"400\" class=\"wpcf7-form-control wpcf7-tel wpcf7-text wpcf7-validates-as-tel form-control\" aria-invalid=\"false\" placeholder=\"Phone\" value=\"\" type=\"tel\" name=\"telephone\" \/><label for=\"telephone\">Phone<\/label><\/div><\/div>\n<div class=\"wpcf7-form-control-wrap\" data-name=\"sujet\"><div class=\"form-floating mb-2\"><select class=\"wpcf7-form-control wpcf7-select form-select\" aria-invalid=\"false\" name=\"sujet\"><option value=\"\">Please select a topic<\/option><option value=\"Technical\">Technical<\/option><option value=\"CCTP Support\">CCTP Support<\/option><option value=\"Product Information\">Product Information<\/option><option value=\"Communication\">Communication<\/option><option value=\"Human Resources\">Human Resources<\/option><option value=\"Other\">Other<\/option><\/select><label for=\"sujet\">Subject<\/label><\/div><\/div>\n<div class=\"wpcf7-form-control-wrap\" data-name=\"message\"><div class=\"form-floating mb-2\"><textarea cols=\"40\" rows=\"10\" maxlength=\"2000\" minlength=\"4\" class=\"wpcf7-form-control wpcf7-textarea wpcf7-validates-as-required form-control\" aria-required=\"true\" aria-invalid=\"false\" placeholder=\"Message\" name=\"message\"><\/textarea><label for=\"message\">Message<\/label><\/div><\/div>\n<div class=\"wrapper-checkbox\">\n<span class=\"wpcf7-form-control wpcf7-acceptance\"><span class=\"wpcf7-list-item\"><label><input type=\"checkbox\" name=\"acceptance-728\" value=\"1\" class=\"form-check-input\" aria-invalid=\"false\" \/><span class=\"wpcf7-list-item-label\">I declare that I have read and understood the Privacy Statement and I accept the use of my personal data.<\/span><\/label><\/span><\/span><\/div>\n<div class=\"d-grid gap-2\">\n<input class=\"wpcf7-form-control wpcf7-submit has-spinner btn btn-primary btn-lg btn-block\" type=\"submit\" value=\"Send\" \/>\n<\/div><div class=\"wpcf7-response-output\" aria-hidden=\"true\"><\/div>\n<\/form>\n<\/div>\n\t\t\t<\/div>\n\t\t<\/div>\n\t<\/div>\n<\/div><div\n\tclass=\"wp-block-lp-separator\">\n\t<div class=\"container variable\">\n\t\t<hr \/>\n\t<\/div>\n<\/div><div\n\tclass=\"wp-block-lp-map\">\n\t<div class=\"container pt-5\">\n\t\t<div class=\"row\">\n\t\t\t<div class=\"col-lg-4\">\n\t\t\t\t<div class=\"text\"><p>Head office and factory<\/p>\n<p>B\u00e9har s\u00e9curit\u00e9<br \/>\n32 avenue Marc Sangnier<br \/>\n92390 Villeneuve-la-Garenne France<\/p>\n<p>Phone. +33 (0)1 47 88 31 31<br \/>\n<a href=\"mailto:contact@beharsecurite.com\">contact@beharsecurite.com<\/a><\/p>\n<\/div>\n\t\t\t<\/div>\n\t\t\t<div class=\"col-lg-8\">\n\t\t\t\t<div class=\"ratio ratio-16x9\">\n\t\t\t\t\t<iframe src=\"https:\/\/www.google.com\/maps\/embed?pb=!1m18!1m12!1m3!1d10485.108149058433!2d2.30692020445732!3d48.92916492911301!2m3!1f0!2f0!3f0!3m2!1i1024!2i768!4f13.1!3m3!1m2!1s0x47e665a289c8933b%3A0x2f2350fd113623ca!2zQsOpaGFyLVPDqWN1cml0w6k!5e0!3m2!1sfr!2sfr!4v1741081535290!5m2!1sfr!2sfr\" width=\"100%\" height=\"500\" style=\"border:0;\" allowfullscreen=\"\" loading=\"lazy\"><\/iframe>\t\t\t\t<\/div>\n\t\t\t<\/div>\n\t\t<\/div>\n\t<\/div>\n<\/div>","protected":false},"excerpt":{"rendered":"","protected":false},"author":1,"featured_media":1589,"parent":0,"menu_order":30,"comment_status":"closed","ping_status":"closed","template":"","meta":{"_acf_changed":false,"footnotes":""},"class_list":["post-287","page","type-page","status-publish","has-post-thumbnail","hentry"],"acf":[],"yoast_head":"<!-- This site is optimized with the Yoast SEO plugin v27.3 - https:\/\/yoast.com\/product\/yoast-seo-wordpress\/ -->\n<title>Contact - B\u00e9har<\/title>\n<meta name=\"description\" content=\"Contact us for more information or for personalized assistance in the realization of your projects.\" \/>\n<meta name=\"robots\" content=\"index, follow, max-snippet:-1, max-image-preview:large, max-video-preview:-1\" \/>\n<link rel=\"canonical\" href=\"https:\/\/beharsecurite.com\/en\/contact\/\" \/>\n<meta property=\"og:locale\" content=\"en_US\" \/>\n<meta property=\"og:type\" content=\"article\" \/>\n<meta property=\"og:title\" content=\"Contact - B\u00e9har\" \/>\n<meta property=\"og:description\" content=\"Contact us for more information or for personalized assistance in the realization of your projects.\" \/>\n<meta property=\"og:url\" content=\"https:\/\/beharsecurite.com\/en\/contact\/\" \/>\n<meta property=\"og:site_name\" content=\"B\u00e9har\" \/>\n<meta property=\"article:modified_time\" content=\"2025-07-07T14:47:47+00:00\" \/>\n<meta property=\"og:image\" content=\"https:\/\/beharsecurite.com\/wp-content\/uploads\/2025\/06\/bronze-B-S.png\" \/>\n\t<meta property=\"og:image:width\" content=\"186\" \/>\n\t<meta property=\"og:image:height\" content=\"220\" \/>\n\t<meta property=\"og:image:type\" content=\"image\/png\" \/>\n<meta name=\"twitter:card\" content=\"summary_large_image\" \/>\n<script type=\"application\/ld+json\" class=\"yoast-schema-graph\">{\"@context\":\"https:\\\/\\\/schema.org\",\"@graph\":[{\"@type\":\"WebPage\",\"@id\":\"https:\\\/\\\/beharsecurite.com\\\/en\\\/contact\\\/\",\"url\":\"https:\\\/\\\/beharsecurite.com\\\/en\\\/contact\\\/\",\"name\":\"Contact - B\u00e9har\",\"isPartOf\":{\"@id\":\"https:\\\/\\\/beharsecurite.com\\\/#website\"},\"primaryImageOfPage\":{\"@id\":\"https:\\\/\\\/beharsecurite.com\\\/en\\\/contact\\\/#primaryimage\"},\"image\":{\"@id\":\"https:\\\/\\\/beharsecurite.com\\\/en\\\/contact\\\/#primaryimage\"},\"thumbnailUrl\":\"https:\\\/\\\/beharsecurite.com\\\/wp-content\\\/uploads\\\/2025\\\/06\\\/bronze-B-S.png\",\"datePublished\":\"2025-05-09T09:32:52+00:00\",\"dateModified\":\"2025-07-07T14:47:47+00:00\",\"description\":\"Contact us for more information or for personalized assistance in the realization of your projects.\",\"breadcrumb\":{\"@id\":\"https:\\\/\\\/beharsecurite.com\\\/en\\\/contact\\\/#breadcrumb\"},\"inLanguage\":\"en-US\",\"potentialAction\":[{\"@type\":\"ReadAction\",\"target\":[\"https:\\\/\\\/beharsecurite.com\\\/en\\\/contact\\\/\"]}]},{\"@type\":\"ImageObject\",\"inLanguage\":\"en-US\",\"@id\":\"https:\\\/\\\/beharsecurite.com\\\/en\\\/contact\\\/#primaryimage\",\"url\":\"https:\\\/\\\/beharsecurite.com\\\/wp-content\\\/uploads\\\/2025\\\/06\\\/bronze-B-S.png\",\"contentUrl\":\"https:\\\/\\\/beharsecurite.com\\\/wp-content\\\/uploads\\\/2025\\\/06\\\/bronze-B-S.png\",\"width\":186,\"height\":220},{\"@type\":\"BreadcrumbList\",\"@id\":\"https:\\\/\\\/beharsecurite.com\\\/en\\\/contact\\\/#breadcrumb\",\"itemListElement\":[{\"@type\":\"ListItem\",\"position\":1,\"name\":\"Accueil\",\"item\":\"https:\\\/\\\/beharsecurite.com\\\/en\\\/\"},{\"@type\":\"ListItem\",\"position\":2,\"name\":\"Contact\"}]},{\"@type\":\"WebSite\",\"@id\":\"https:\\\/\\\/beharsecurite.com\\\/#website\",\"url\":\"https:\\\/\\\/beharsecurite.com\\\/\",\"name\":\"B\u00e9har\",\"description\":\"fabricant-concepteur d\u2019\u00e9clairage de s\u00e9curit\u00e9 architectural\",\"potentialAction\":[{\"@type\":\"SearchAction\",\"target\":{\"@type\":\"EntryPoint\",\"urlTemplate\":\"https:\\\/\\\/beharsecurite.com\\\/?s={search_term_string}\"},\"query-input\":{\"@type\":\"PropertyValueSpecification\",\"valueRequired\":true,\"valueName\":\"search_term_string\"}}],\"inLanguage\":\"en-US\"}]}<\/script>\n<!-- \/ Yoast SEO plugin. -->","yoast_head_json":{"title":"Contact - B\u00e9har","description":"Contact us for more information or for personalized assistance in the realization of your projects.","robots":{"index":"index","follow":"follow","max-snippet":"max-snippet:-1","max-image-preview":"max-image-preview:large","max-video-preview":"max-video-preview:-1"},"canonical":"https:\/\/beharsecurite.com\/en\/contact\/","og_locale":"en_US","og_type":"article","og_title":"Contact - B\u00e9har","og_description":"Contact us for more information or for personalized assistance in the realization of your projects.","og_url":"https:\/\/beharsecurite.com\/en\/contact\/","og_site_name":"B\u00e9har","article_modified_time":"2025-07-07T14:47:47+00:00","og_image":[{"width":186,"height":220,"url":"https:\/\/beharsecurite.com\/wp-content\/uploads\/2025\/06\/bronze-B-S.png","type":"image\/png"}],"twitter_card":"summary_large_image","schema":{"@context":"https:\/\/schema.org","@graph":[{"@type":"WebPage","@id":"https:\/\/beharsecurite.com\/en\/contact\/","url":"https:\/\/beharsecurite.com\/en\/contact\/","name":"Contact - B\u00e9har","isPartOf":{"@id":"https:\/\/beharsecurite.com\/#website"},"primaryImageOfPage":{"@id":"https:\/\/beharsecurite.com\/en\/contact\/#primaryimage"},"image":{"@id":"https:\/\/beharsecurite.com\/en\/contact\/#primaryimage"},"thumbnailUrl":"https:\/\/beharsecurite.com\/wp-content\/uploads\/2025\/06\/bronze-B-S.png","datePublished":"2025-05-09T09:32:52+00:00","dateModified":"2025-07-07T14:47:47+00:00","description":"Contact us for more information or for personalized assistance in the realization of your projects.","breadcrumb":{"@id":"https:\/\/beharsecurite.com\/en\/contact\/#breadcrumb"},"inLanguage":"en-US","potentialAction":[{"@type":"ReadAction","target":["https:\/\/beharsecurite.com\/en\/contact\/"]}]},{"@type":"ImageObject","inLanguage":"en-US","@id":"https:\/\/beharsecurite.com\/en\/contact\/#primaryimage","url":"https:\/\/beharsecurite.com\/wp-content\/uploads\/2025\/06\/bronze-B-S.png","contentUrl":"https:\/\/beharsecurite.com\/wp-content\/uploads\/2025\/06\/bronze-B-S.png","width":186,"height":220},{"@type":"BreadcrumbList","@id":"https:\/\/beharsecurite.com\/en\/contact\/#breadcrumb","itemListElement":[{"@type":"ListItem","position":1,"name":"Accueil","item":"https:\/\/beharsecurite.com\/en\/"},{"@type":"ListItem","position":2,"name":"Contact"}]},{"@type":"WebSite","@id":"https:\/\/beharsecurite.com\/#website","url":"https:\/\/beharsecurite.com\/","name":"B\u00e9har","description":"fabricant-concepteur d\u2019\u00e9clairage de s\u00e9curit\u00e9 architectural","potentialAction":[{"@type":"SearchAction","target":{"@type":"EntryPoint","urlTemplate":"https:\/\/beharsecurite.com\/?s={search_term_string}"},"query-input":{"@type":"PropertyValueSpecification","valueRequired":true,"valueName":"search_term_string"}}],"inLanguage":"en-US"}]}},"_links":{"self":[{"href":"https:\/\/beharsecurite.com\/en\/wp-json\/wp\/v2\/pages\/287","targetHints":{"allow":["GET"]}}],"collection":[{"href":"https:\/\/beharsecurite.com\/en\/wp-json\/wp\/v2\/pages"}],"about":[{"href":"https:\/\/beharsecurite.com\/en\/wp-json\/wp\/v2\/types\/page"}],"author":[{"embeddable":true,"href":"https:\/\/beharsecurite.com\/en\/wp-json\/wp\/v2\/users\/1"}],"replies":[{"embeddable":true,"href":"https:\/\/beharsecurite.com\/en\/wp-json\/wp\/v2\/comments?post=287"}],"version-history":[{"count":3,"href":"https:\/\/beharsecurite.com\/en\/wp-json\/wp\/v2\/pages\/287\/revisions"}],"predecessor-version":[{"id":3234,"href":"https:\/\/beharsecurite.com\/en\/wp-json\/wp\/v2\/pages\/287\/revisions\/3234"}],"wp:featuredmedia":[{"embeddable":true,"href":"https:\/\/beharsecurite.com\/en\/wp-json\/wp\/v2\/media\/1589"}],"wp:attachment":[{"href":"https:\/\/beharsecurite.com\/en\/wp-json\/wp\/v2\/media?parent=287"}],"curies":[{"name":"wp","href":"https:\/\/api.w.org\/{rel}","templated":true}]}}